{"id":3432,"date":"2026-04-17T11:17:09","date_gmt":"2026-04-17T09:17:09","guid":{"rendered":"https:\/\/demo.life1.hu\/szemelyi-edzes\/"},"modified":"2026-04-17T15:45:45","modified_gmt":"2026-04-17T13:45:45","slug":"personal-training","status":"publish","type":"page","link":"https:\/\/demo.life1.hu\/en\/personal-training\/","title":{"rendered":"personal training"},"content":{"rendered":"\n<div class=\"gb-element-36e78f7d\">        <section id=\"personal-coach-section\">\n        <div class=\"filter-container\" data-endpoint=\"personal_coach\">\n            <div class=\"filter-dropdown-container\">\n\n                <div class=\"filter-title-dropdown\">\n                    <p class=\"filter-text\">\n                        <svg width=\"20\" height=\"20\" style=\"margin-right:15px;\" fill=\"none\" xmlns=\"http:\/\/www.w3.org\/2000\/svg\"><path d=\"M5 19v-7M5 8V1M15 19v-9M15 6V1M2 12h6M12 6h6\" stroke=\"currentColor\" stroke-width=\"2\" stroke-linecap=\"square\" stroke-linejoin=\"round\"><\/path><\/svg>\n                        Filter \n                    <\/p>\n                <\/div>\n\n                                    <div class=\"filter-dropdown filter-club-dropdown\">\n                        <p>Location: <strong>All<\/strong>                            <svg fill=\"white\" height=\"17\" xmlns=\"http:\/\/www.w3.org\/2000\/svg\" viewBox=\"0 0 640 640\"><!--!Font Awesome Free v7.2.0 by @fontawesome - https:\/\/fontawesome.com License - https:\/\/fontawesome.com\/license\/free Copyright 2026 Fonticons, Inc.--><path d=\"M297.4 438.6C309.9 451.1 330.2 451.1 342.7 438.6L502.7 278.6C515.2 266.1 515.2 245.8 502.7 233.3C490.2 220.8 469.9 220.8 457.4 233.3L320 370.7L182.6 233.4C170.1 220.9 149.8 220.9 137.3 233.4C124.8 245.9 124.8 266.2 137.3 278.7L297.3 438.7z\"\/><\/svg>\n                        <\/p>\n                    <\/div>\n                \n                \n                \n                                    <div class=\"filter-time-btn btn-color-1\">\n                        <a href=\"https:\/\/clients.mindbodyonline.com\/classic\/ws?studioid=48016&#038;stype=-101&#038;sView=day&#038;sLoc=0\">\n                            Appointment                        <\/a>\n                    <\/div>\n                \n            <\/div>\n\n            <div class=\"filter-active-panel\">\n                                    <div class=\"filter-options\" data-filter=\"club\">\n                        <button class=\"active\" data-value=\"\">All<\/button>\n\n                                                    <button data-value=\"allee\">\n                                ALLEE                            <\/button>\n                                                    <button data-value=\"corvin\">\n                                CORVIN                            <\/button>\n                                                    <button data-value=\"etele\">\n                                ETELE                            <\/button>\n                                                    <button data-value=\"nyugati\">\n                                NYUGATI                            <\/button>\n                                                    <button data-value=\"springday\">\n                                SPRINGDAY                            <\/button>\n                                                    <button data-value=\"vaci35\">\n                                V\u00c1CI35                            <\/button>\n                                            <\/div>\n                \n                \n                \n            <\/div>\n        <\/div>\n\n        <div class=\"coach-section-wrapper\"><h5>Personal Trainers<\/h5><div class=\"coach-card-grid\">\n            <div class=\"coach-card\"\n                data-lang=\"en\"\n                data-id=\"48\">\n\n                <a href=\"#\">\n                    <img decoding=\"async\" src=\"https:\/\/demo.life1.hu\/wp-content\/uploads\/2026\/04\/ZamboAdam-200x300-1.webp\" alt=\"\u00c1d\u00e1m Z\u00e1mb\u00f3\">\n                    <div class=\"coach-card-info\">\n                        <h6 class=\"coach-card-name\">\u00c1d\u00e1m Z\u00e1mb\u00f3<\/h6>\n                        <div class=\"coach-card-level\">Professional trainer<\/div>\n                    <\/div>\n                <\/a>\n\n            <\/div>\n            <div class=\"coach-card\"\n                data-lang=\"en\"\n                data-id=\"26\">\n\n                <a href=\"#\">\n                    <img decoding=\"async\" src=\"https:\/\/demo.life1.hu\/wp-content\/uploads\/2026\/04\/Lihotzky-Adrian-200x300-1.webp\" alt=\"Adri\u00e1n Lihotzky\">\n                    <div class=\"coach-card-info\">\n                        <h6 class=\"coach-card-name\">Adri\u00e1n Lihotzky<\/h6>\n                        <div class=\"coach-card-level\">Professional trainer<\/div>\n                    <\/div>\n                <\/a>\n\n            <\/div>\n            <div class=\"coach-card\"\n                data-lang=\"en\"\n                data-id=\"31\">\n\n                <a href=\"#\">\n                    <img decoding=\"async\" src=\"https:\/\/demo.life1.hu\/wp-content\/uploads\/2026\/04\/Palffy-Agnes-200x300-1.webp\" alt=\"\u00c1gnes P\u00e1lffy\">\n                    <div class=\"coach-card-info\">\n                        <h6 class=\"coach-card-name\">\u00c1gnes P\u00e1lffy<\/h6>\n                        <div class=\"coach-card-level\">Professional trainer<\/div>\n                    <\/div>\n                <\/a>\n\n            <\/div>\n            <div class=\"coach-card\"\n                data-lang=\"en\"\n                data-id=\"5\">\n\n                <a href=\"#\">\n                    <img decoding=\"async\" src=\"https:\/\/demo.life1.hu\/wp-content\/uploads\/2026\/04\/Czinder-Akos-200x300-1.webp\" alt=\"\u00c1kos Czinder\">\n                    <div class=\"coach-card-info\">\n                        <h6 class=\"coach-card-name\">\u00c1kos Czinder<\/h6>\n                        <div class=\"coach-card-level\">Professional trainer<\/div>\n                    <\/div>\n                <\/a>\n\n            <\/div>\n            <div class=\"coach-card\"\n                data-lang=\"en\"\n                data-id=\"34\">\n\n                <a href=\"#\">\n                    <img decoding=\"async\" src=\"https:\/\/demo.life1.hu\/wp-content\/uploads\/2026\/04\/Schneider-Armand-200x300-1.webp\" alt=\"Armand Schneider\">\n                    <div class=\"coach-card-info\">\n                        <h6 class=\"coach-card-name\">Armand Schneider<\/h6>\n                        <div class=\"coach-card-level\">Professional trainer<\/div>\n                    <\/div>\n                <\/a>\n\n            <\/div>\n            <div class=\"coach-card\"\n                data-lang=\"en\"\n                data-id=\"4\">\n\n                <a href=\"#\">\n                    <img decoding=\"async\" src=\"https:\/\/demo.life1.hu\/wp-content\/uploads\/2026\/04\/Csere-Balazs-200x300-1.webp\" alt=\"Bal\u00e1zs Csere\">\n                    <div class=\"coach-card-info\">\n                        <h6 class=\"coach-card-name\">Bal\u00e1zs Csere<\/h6>\n                        <div class=\"coach-card-level\">Senior trainer<\/div>\n                    <\/div>\n                <\/a>\n\n            <\/div>\n            <div class=\"coach-card\"\n                data-lang=\"en\"\n                data-id=\"15\">\n\n                <a href=\"#\">\n                    <img decoding=\"async\" src=\"https:\/\/demo.life1.hu\/wp-content\/uploads\/2026\/04\/Juhasz-Benjamin-200x300-1.webp\" alt=\"Benjamin Juh\u00e1sz\">\n                    <div class=\"coach-card-info\">\n                        <h6 class=\"coach-card-name\">Benjamin Juh\u00e1sz<\/h6>\n                        <div class=\"coach-card-level\">Professional trainer<\/div>\n                    <\/div>\n                <\/a>\n\n            <\/div>\n            <div class=\"coach-card\"\n                data-lang=\"en\"\n                data-id=\"9\">\n\n                <a href=\"#\">\n                    <img decoding=\"async\" src=\"https:\/\/demo.life1.hu\/wp-content\/uploads\/2026\/04\/Godo_Brigitta-200x300-1.webp\" alt=\"Brigitta God\u00f3\">\n                    <div class=\"coach-card-info\">\n                        <h6 class=\"coach-card-name\">Brigitta God\u00f3<\/h6>\n                        <div class=\"coach-card-level\">Professional trainer<\/div>\n                    <\/div>\n                <\/a>\n\n            <\/div>\n            <div class=\"coach-card\"\n                data-lang=\"en\"\n                data-id=\"22\">\n\n                <a href=\"#\">\n                    <img decoding=\"async\" src=\"https:\/\/demo.life1.hu\/wp-content\/uploads\/2026\/04\/Kovacs-Edua-200x300-1.webp\" alt=\"\u00c9dua Kov\u00e1cs\">\n                    <div class=\"coach-card-info\">\n                        <h6 class=\"coach-card-name\">\u00c9dua Kov\u00e1cs<\/h6>\n                        <div class=\"coach-card-level\">Standard trainer<\/div>\n                    <\/div>\n                <\/a>\n\n            <\/div>\n            <div class=\"coach-card\"\n                data-lang=\"en\"\n                data-id=\"44\">\n\n                <a href=\"#\">\n                    <img decoding=\"async\" src=\"https:\/\/demo.life1.hu\/wp-content\/uploads\/2026\/04\/Toth-Eniko-200x300-1.webp\" alt=\"Enik\u0151 T\u00f3th\">\n                    <div class=\"coach-card-info\">\n                        <h6 class=\"coach-card-name\">Enik\u0151 T\u00f3th<\/h6>\n                        <div class=\"coach-card-level\">Senior trainer<\/div>\n                    <\/div>\n                <\/a>\n\n            <\/div>\n            <div class=\"coach-card\"\n                data-lang=\"en\"\n                data-id=\"29\">\n\n                <a href=\"#\">\n                    <img decoding=\"async\" src=\"https:\/\/demo.life1.hu\/wp-content\/uploads\/2026\/04\/Nemeth_Gabor-200x300-1.webp\" alt=\"G\u00e1bor dr. N\u00e9meth\">\n                    <div class=\"coach-card-info\">\n                        <h6 class=\"coach-card-name\">G\u00e1bor dr. N\u00e9meth<\/h6>\n                        <div class=\"coach-card-level\">Senior trainer<\/div>\n                    <\/div>\n                <\/a>\n\n            <\/div>\n            <div class=\"coach-card\"\n                data-lang=\"en\"\n                data-id=\"46\">\n\n                <a href=\"#\">\n                    <img decoding=\"async\" src=\"https:\/\/demo.life1.hu\/wp-content\/uploads\/2026\/04\/Varallyay_Gergely-200x300-1.webp\" alt=\"Gergely V\u00e1rallyay\">\n                    <div class=\"coach-card-info\">\n                        <h6 class=\"coach-card-name\">Gergely V\u00e1rallyay<\/h6>\n                        <div class=\"coach-card-level\">Professional trainer<\/div>\n                    <\/div>\n                <\/a>\n\n            <\/div>\n            <div class=\"coach-card\"\n                data-lang=\"en\"\n                data-id=\"47\">\n\n                <a href=\"#\">\n                    <img decoding=\"async\" src=\"https:\/\/demo.life1.hu\/wp-content\/uploads\/2026\/04\/Gergely-Vladuc-200x300-1.webp\" alt=\"Gergely Vladuc\">\n                    <div class=\"coach-card-info\">\n                        <h6 class=\"coach-card-name\">Gergely Vladuc<\/h6>\n                        <div class=\"coach-card-level\">Standard trainer<\/div>\n                    <\/div>\n                <\/a>\n\n            <\/div>\n            <div class=\"coach-card\"\n                data-lang=\"en\"\n                data-id=\"18\">\n\n                <a href=\"#\">\n                    <img decoding=\"async\" src=\"https:\/\/demo.life1.hu\/wp-content\/uploads\/2026\/04\/Keki_Imre-200x300-1.webp\" alt=\"Imre Kriszti\u00e1n K\u00e9ki\">\n                    <div class=\"coach-card-info\">\n                        <h6 class=\"coach-card-name\">Imre Kriszti\u00e1n K\u00e9ki<\/h6>\n                        <div class=\"coach-card-level\">Professional trainer<\/div>\n                    <\/div>\n                <\/a>\n\n            <\/div>\n            <div class=\"coach-card\"\n                data-lang=\"en\"\n                data-id=\"11\">\n\n                <a href=\"#\">\n                    <img decoding=\"async\" src=\"https:\/\/demo.life1.hu\/wp-content\/uploads\/2026\/04\/Horvath-Menyhert-200x300-1.webp\" alt=\"Menyh\u00e9rt Horv\u00e1th\">\n                    <div class=\"coach-card-info\">\n                        <h6 class=\"coach-card-name\">Menyh\u00e9rt Horv\u00e1th<\/h6>\n                        <div class=\"coach-card-level\">Professional trainer<\/div>\n                    <\/div>\n                <\/a>\n\n            <\/div>\n            <div class=\"coach-card\"\n                data-lang=\"en\"\n                data-id=\"3\">\n\n                <a href=\"#\">\n                    <img decoding=\"async\" src=\"https:\/\/demo.life1.hu\/wp-content\/uploads\/2026\/04\/Csatos-Monika-200x300-1.webp\" alt=\"M\u00f3nika Csatos\">\n                    <div class=\"coach-card-info\">\n                        <h6 class=\"coach-card-name\">M\u00f3nika Csatos<\/h6>\n                        <div class=\"coach-card-level\">Professional trainer<\/div>\n                    <\/div>\n                <\/a>\n\n            <\/div>\n            <div class=\"coach-card\"\n                data-lang=\"en\"\n                data-id=\"16\">\n\n                <a href=\"#\">\n                    <img decoding=\"async\" src=\"https:\/\/demo.life1.hu\/wp-content\/uploads\/2026\/04\/Kadar-Odett-1-200x300-1.webp\" alt=\"Odett K\u00e1d\u00e1r\">\n                    <div class=\"coach-card-info\">\n                        <h6 class=\"coach-card-name\">Odett K\u00e1d\u00e1r<\/h6>\n                        <div class=\"coach-card-level\">Professional trainer<\/div>\n                    <\/div>\n                <\/a>\n\n            <\/div>\n            <div class=\"coach-card\"\n                data-lang=\"en\"\n                data-id=\"2\">\n\n                <a href=\"#\">\n                    <img decoding=\"async\" src=\"https:\/\/demo.life1.hu\/wp-content\/uploads\/2026\/04\/Bogar-Orsolya-2-200x300-1.webp\" alt=\"Orsolya Erika Bog\u00e1r\">\n                    <div class=\"coach-card-info\">\n                        <h6 class=\"coach-card-name\">Orsolya Erika Bog\u00e1r<\/h6>\n                        <div class=\"coach-card-level\">Professional trainer<\/div>\n                    <\/div>\n                <\/a>\n\n            <\/div>\n            <div class=\"coach-card\"\n                data-lang=\"en\"\n                data-id=\"24\">\n\n                <a href=\"#\">\n                    <img decoding=\"async\" src=\"https:\/\/demo.life1.hu\/wp-content\/uploads\/2026\/04\/Kracz-Peter-200x300-1.webp\" alt=\"P\u00e9ter Kracz\">\n                    <div class=\"coach-card-info\">\n                        <h6 class=\"coach-card-name\">P\u00e9ter Kracz<\/h6>\n                        <div class=\"coach-card-level\">Senior trainer<\/div>\n                    <\/div>\n                <\/a>\n\n            <\/div>\n            <div class=\"coach-card\"\n                data-lang=\"en\"\n                data-id=\"10\">\n\n                <a href=\"#\">\n                    <img decoding=\"async\" src=\"https:\/\/demo.life1.hu\/wp-content\/uploads\/2026\/04\/Hegedus_Tamas-200x300-1.webp\" alt=\"Tam\u00e1s Heged\u0171s\">\n                    <div class=\"coach-card-info\">\n                        <h6 class=\"coach-card-name\">Tam\u00e1s Heged\u0171s<\/h6>\n                        <div class=\"coach-card-level\">Professional trainer<\/div>\n                    <\/div>\n                <\/a>\n\n            <\/div><\/div><\/div><\/section>\n        \n<\/div>\n","protected":false},"excerpt":{"rendered":"","protected":false},"author":3,"featured_media":0,"parent":0,"menu_order":0,"comment_status":"closed","ping_status":"closed","template":"","meta":{"footnotes":""},"class_list":["post-3432","page","type-page","status-publish"],"_links":{"self":[{"href":"https:\/\/demo.life1.hu\/en\/wp-json\/wp\/v2\/pages\/3432","targetHints":{"allow":["GET"]}}],"collection":[{"href":"https:\/\/demo.life1.hu\/en\/wp-json\/wp\/v2\/pages"}],"about":[{"href":"https:\/\/demo.life1.hu\/en\/wp-json\/wp\/v2\/types\/page"}],"author":[{"embeddable":true,"href":"https:\/\/demo.life1.hu\/en\/wp-json\/wp\/v2\/users\/3"}],"replies":[{"embeddable":true,"href":"https:\/\/demo.life1.hu\/en\/wp-json\/wp\/v2\/comments?post=3432"}],"version-history":[{"count":2,"href":"https:\/\/demo.life1.hu\/en\/wp-json\/wp\/v2\/pages\/3432\/revisions"}],"predecessor-version":[{"id":3434,"href":"https:\/\/demo.life1.hu\/en\/wp-json\/wp\/v2\/pages\/3432\/revisions\/3434"}],"wp:attachment":[{"href":"https:\/\/demo.life1.hu\/en\/wp-json\/wp\/v2\/media?parent=3432"}],"curies":[{"name":"wp","href":"https:\/\/api.w.org\/{rel}","templated":true}]}}